{"id":2543,"date":"2015-05-23T14:08:30","date_gmt":"2015-05-23T11:08:30","guid":{"rendered":"http:\/\/www.remahome.com\/?page_id=2543"},"modified":"2015-05-24T14:27:06","modified_gmt":"2015-05-24T11:27:06","slug":"after-sale-service","status":"publish","type":"page","link":"https:\/\/www.remahome.com\/tr\/services\/after-sale-service\/","title":{"rendered":"Sat\u0131\u015f Sonras\u0131 Hizmetler"},"content":{"rendered":"<h3><a href=\"http:\/\/www.remahome.com\/wp-content\/uploads\/2015\/05\/service_after_sale.jpg\" rel=\"prettyPhoto\"><img loading=\"lazy\" class=\"alignleft wp-image-2545 size-medium\" src=\"http:\/\/www.remahome.com\/wp-content\/uploads\/2015\/05\/service_after_sale-300x200.jpg\" alt=\"Sat\u0131\u015f Sonras\u0131 Hizmetler\" width=\"300\" height=\"200\" srcset=\"https:\/\/www.remahome.com\/wp-content\/uploads\/2015\/05\/service_after_sale-300x200.jpg 300w, https:\/\/www.remahome.com\/wp-content\/uploads\/2015\/05\/service_after_sale.jpg 1024w\" sizes=\"(max-width: 300px) 100vw, 300px\" \/><\/a>Sat\u0131\u015f Sonras\u0131 Hizmetlerimiz!<\/h3>\n<p>Hayalinizdeki eve ta\u015f\u0131nd\u0131\u011f\u0131n\u0131z ilk g\u00fcnden itibaren maksimum konforu aya\u011f\u0131n\u0131za getirecek ve evinizin keyfini s\u00fcrmeye ba\u015flayabilece\u011finiz pratik \u00e7\u00f6z\u00fcmler sunabiliriz.<br \/>\n<div class=\"clear\"><\/div><div class=\"spacer\"><\/div>\n<ul>\n<li><strong>Abonelik hizmetleri<\/strong>: \u0130stek \u00fczerine m\u00fc\u015fteri ad\u0131na elektrik, su, ev ve cep telefonu aboneliklerinin al\u0131nmas\u0131.\u00a0(Bu i\u015flem tapunuzu ald\u0131ktan sonra yap\u0131l\u0131r)<\/li>\n<li>Elektrik, su ve telefon faturalar\u0131n\u0131 \u00f6deme i\u00e7in d\u00fczenleme.<\/li>\n<li><strong>Dekorasyon<\/strong>: mobilya al\u0131m\u0131 ve i\u00e7 dekorasyon dan\u0131\u015fmanl\u0131\u011f\u0131.<\/li>\n<li><strong>Gayrimenkul sigortas\u0131<\/strong>: Gayrimenkul\u00fcn sigortalanmas\u0131 konusunda dan\u0131\u015fmanl\u0131k.<\/li>\n<li><strong>Temizlik<\/strong>: \u0130stenildi\u011finde daire temizli\u011fi ve havaland\u0131r\u0131lmas\u0131.<\/li>\n<li><strong>Teknik hizmetler<\/strong>: elektrik, su, \u0131s\u0131tma ve klima sistemlerinin kontrol\u00fc; m\u00fc\u015fteriye sorunun bildirip izni al\u0131nd\u0131ktan sonra, teknik personellerle sorunlar\u0131n giderilmesi.<\/li>\n<li>Bak\u0131m ve onar\u0131m hizmetleri<\/li>\n<li><strong>Otomobil kiralama<\/strong>: uygun \u015fartlarda en son model otomobilleri kiralama<\/li>\n<li>Profesyonel rehberlik hizmetleri<\/li>\n<li>\u00d6zel turistik turlar rehber ve \u015foforlu<\/li>\n<li>\u00d6zel davetler i\u00e7in organizasyon hizmetleri<\/li>\n<li>Gayrimenkul y\u00f6netimi ve bak\u0131m\u0131<\/li>\n<li>Gayrimenkul vergi beyannamelerinde yard\u0131m.<\/li>\n<\/ul>\n<p>Bu hizmetlerin bir k\u0131sm\u0131 \u00fccretsizdir ve bir k\u0131sm\u0131 \u00f6deme gerektirir.","protected":false},"excerpt":{"rendered":"<p>Sat\u0131\u015f Sonras\u0131 Hizmetlerimiz! Hayalinizdeki eve ta\u015f\u0131nd\u0131\u011f\u0131n\u0131z ilk g\u00fcnden itibaren maksimum konforu aya\u011f\u0131n\u0131za getirecek ve evinizin keyfini s\u00fcrmeye ba\u015flayabilece\u011finiz pratik \u00e7\u00f6z\u00fcmler sunabiliriz. Abonelik hizmetleri: \u0130stek \u00fczerine m\u00fc\u015fteri ad\u0131na elektrik, su, ev ve cep telefonu aboneliklerinin al\u0131nmas\u0131.\u00a0(Bu i\u015flem tapunuzu ald\u0131ktan sonra yap\u0131l\u0131r) Elektrik, su ve telefon faturalar\u0131n\u0131 \u00f6deme i\u00e7in d\u00fczenleme. Dekorasyon: mobilya al\u0131m\u0131 ve i\u00e7 dekorasyon dan\u0131\u015fmanl\u0131\u011f\u0131. [&hellip;]<\/p>\n","protected":false},"author":1,"featured_media":2545,"parent":1564,"menu_order":0,"comment_status":"open","ping_status":"open","template":"template-sidebar.php","meta":[],"_links":{"self":[{"href":"https:\/\/www.remahome.com\/tr\/wp-json\/wp\/v2\/pages\/2543"}],"collection":[{"href":"https:\/\/www.remahome.com\/tr\/wp-json\/wp\/v2\/pages"}],"about":[{"href":"https:\/\/www.remahome.com\/tr\/wp-json\/wp\/v2\/types\/page"}],"author":[{"embeddable":true,"href":"https:\/\/www.remahome.com\/tr\/wp-json\/wp\/v2\/users\/1"}],"replies":[{"embeddable":true,"href":"https:\/\/www.remahome.com\/tr\/wp-json\/wp\/v2\/comments?post=2543"}],"version-history":[{"count":0,"href":"https:\/\/www.remahome.com\/tr\/wp-json\/wp\/v2\/pages\/2543\/revisions"}],"up":[{"embeddable":true,"href":"https:\/\/www.remahome.com\/tr\/wp-json\/wp\/v2\/pages\/1564"}],"wp:featuredmedia":[{"embeddable":true,"href":"https:\/\/www.remahome.com\/tr\/wp-json\/wp\/v2\/media\/2545"}],"wp:attachment":[{"href":"https:\/\/www.remahome.com\/tr\/wp-json\/wp\/v2\/media?parent=2543"}],"curies":[{"name":"wp","href":"https:\/\/api.w.org\/{rel}","templated":true}]}}