{"id":1564,"date":"2014-11-21T20:28:09","date_gmt":"2014-11-21T20:28:09","guid":{"rendered":"http:\/\/actualizando.iwthemes.com\/fullestate-produccion\/?page_id=1564"},"modified":"2015-05-25T15:42:49","modified_gmt":"2015-05-25T12:42:49","slug":"services","status":"publish","type":"page","link":"https:\/\/www.remahome.com\/tr\/services\/","title":{"rendered":"Hizmetlerimiz"},"content":{"rendered":"<blockquote><p>Misyonumuz, vizyonumuz ve temel de\u011ferlerimizin bir yans\u0131mas\u0131 olan kalite anlay\u0131\u015f\u0131m\u0131z do\u011frultusunda sundu\u011fumuz \u00fcr\u00fcn ve hizmetlerden duyulan m\u00fc\u015fteri memnuniyeti, bizim i\u00e7in b\u00fcy\u00fck de\u011fer ta\u015f\u0131yor.<\/p><\/blockquote>\n<p>Rema Home\u00a0olarak en iyi hizmeti verebilmek i\u00e7in m\u00fc\u015fteri hizmetleri s\u00fcre\u00e7lerimizi her g\u00fcn daha da geli\u015ftirmeye ve iyile\u015ftirmeye \u00e7al\u0131\u015f\u0131yor, bu ama\u00e7la kapsaml\u0131 \u00e7al\u0131\u015fmalar ger\u00e7ekle\u015ftiriyoruz.","protected":false},"excerpt":{"rendered":"<p>Misyonumuz, vizyonumuz ve temel de\u011ferlerimizin bir yans\u0131mas\u0131 olan kalite anlay\u0131\u015f\u0131m\u0131z do\u011frultusunda sundu\u011fumuz \u00fcr\u00fcn ve hizmetlerden duyulan m\u00fc\u015fteri memnuniyeti, bizim i\u00e7in b\u00fcy\u00fck de\u011fer ta\u015f\u0131yor. Rema Home\u00a0olarak en iyi hizmeti verebilmek i\u00e7in m\u00fc\u015fteri hizmetleri s\u00fcre\u00e7lerimizi her g\u00fcn daha da geli\u015ftirmeye ve iyile\u015ftirmeye \u00e7al\u0131\u015f\u0131yor, bu ama\u00e7la kapsaml\u0131 \u00e7al\u0131\u015fmalar ger\u00e7ekle\u015ftiriyoruz.<\/p>\n","protected":false},"author":1,"featured_media":0,"parent":0,"menu_order":16,"comment_status":"open","ping_status":"closed","template":"","meta":[],"_links":{"self":[{"href":"https:\/\/www.remahome.com\/tr\/wp-json\/wp\/v2\/pages\/1564"}],"collection":[{"href":"https:\/\/www.remahome.com\/tr\/wp-json\/wp\/v2\/pages"}],"about":[{"href":"https:\/\/www.remahome.com\/tr\/wp-json\/wp\/v2\/types\/page"}],"author":[{"embeddable":true,"href":"https:\/\/www.remahome.com\/tr\/wp-json\/wp\/v2\/users\/1"}],"replies":[{"embeddable":true,"href":"https:\/\/www.remahome.com\/tr\/wp-json\/wp\/v2\/comments?post=1564"}],"version-history":[{"count":0,"href":"https:\/\/www.remahome.com\/tr\/wp-json\/wp\/v2\/pages\/1564\/revisions"}],"wp:attachment":[{"href":"https:\/\/www.remahome.com\/tr\/wp-json\/wp\/v2\/media?parent=1564"}],"curies":[{"name":"wp","href":"https:\/\/api.w.org\/{rel}","templated":true}]}}