{"id":1475,"date":"2014-11-20T21:51:39","date_gmt":"2014-11-20T21:51:39","guid":{"rendered":"http:\/\/actualizando.iwthemes.com\/fullestate-produccion\/?page_id=1475"},"modified":"2021-04-28T10:08:08","modified_gmt":"2021-04-28T07:08:08","slug":"contact-us","status":"publish","type":"page","link":"https:\/\/www.remahome.com\/tr\/contact-us\/","title":{"rendered":"\u0130leti\u015fim"},"content":{"rendered":"A\u015fa\u011f\u0131daki ileti\u015fim bilgilerimizden bize ula\u015fabilir veya ileti\u015fim formunu kullanarak mesaj g\u00f6ndereblirsiniz.","protected":false},"excerpt":{"rendered":"<p>A\u015fa\u011f\u0131daki ileti\u015fim bilgilerimizden bize ula\u015fabilir veya ileti\u015fim formunu kullanarak mesaj g\u00f6ndereblirsiniz.<\/p>\n","protected":false},"author":1,"featured_media":0,"parent":0,"menu_order":34,"comment_status":"closed","ping_status":"closed","template":"template-contact.php","meta":[],"_links":{"self":[{"href":"https:\/\/www.remahome.com\/tr\/wp-json\/wp\/v2\/pages\/1475"}],"collection":[{"href":"https:\/\/www.remahome.com\/tr\/wp-json\/wp\/v2\/pages"}],"about":[{"href":"https:\/\/www.remahome.com\/tr\/wp-json\/wp\/v2\/types\/page"}],"author":[{"embeddable":true,"href":"https:\/\/www.remahome.com\/tr\/wp-json\/wp\/v2\/users\/1"}],"replies":[{"embeddable":true,"href":"https:\/\/www.remahome.com\/tr\/wp-json\/wp\/v2\/comments?post=1475"}],"version-history":[{"count":2,"href":"https:\/\/www.remahome.com\/tr\/wp-json\/wp\/v2\/pages\/1475\/revisions"}],"predecessor-version":[{"id":5961,"href":"https:\/\/www.remahome.com\/tr\/wp-json\/wp\/v2\/pages\/1475\/revisions\/5961"}],"wp:attachment":[{"href":"https:\/\/www.remahome.com\/tr\/wp-json\/wp\/v2\/media?parent=1475"}],"curies":[{"name":"wp","href":"https:\/\/api.w.org\/{rel}","templated":true}]}}