{"id":2574,"date":"2015-05-23T15:46:33","date_gmt":"2015-05-23T12:46:33","guid":{"rendered":"http:\/\/www.remahome.com\/?page_id=2574"},"modified":"2015-05-24T13:44:09","modified_gmt":"2015-05-24T10:44:09","slug":"home-improvement","status":"publish","type":"page","link":"https:\/\/www.remahome.com\/de\/services\/home-improvement\/","title":{"rendered":"Renovierungen"},"content":{"rendered":"<h4><a href=\"http:\/\/www.remahome.com\/wp-content\/uploads\/2015\/05\/service_home_improvment.jpg\" rel=\"prettyPhoto\"><img loading=\"lazy\" class=\"alignleft wp-image-2575 size-medium\" src=\"http:\/\/www.remahome.com\/wp-content\/uploads\/2015\/05\/service_home_improvment-300x200.jpg\" alt=\"Renovierungen\" width=\"300\" height=\"200\" srcset=\"https:\/\/www.remahome.com\/wp-content\/uploads\/2015\/05\/service_home_improvment-300x200.jpg 300w, https:\/\/www.remahome.com\/wp-content\/uploads\/2015\/05\/service_home_improvment.jpg 1024w\" sizes=\"(max-width: 300px) 100vw, 300px\" \/><\/a>Wir erledigen f\u00fcr Sie die Renovierungen Ihrer Immobilie in Alanya<\/h4>\n<p>Eine Renovierung bedeutet nicht immer die Ausbesserung einer bereits vorhandenen Immobilie, eine Renovierung kann auch die Ver\u00e4nderung oder Vergr\u00f6\u00dferung eines bereits vorhandenen Wohnraumes beinhalten.<br \/>\n<div class=\"clear\"><\/div><div class=\"spacer\"><\/div>\n<h6>Unter einer Renovierung verstehen wir:<\/h6>\n<ul>\n<li>die Erh\u00f6hung des bereits vorhanden Wohnkomforts<\/li>\n<li>den Einbau einer Heizung, L\u00fcftung und Klima-Anlage<\/li>\n<li>eine Erh\u00f6hung der Strom- und Abwasserkapazit\u00e4t<\/li>\n<li>die Behebung eines Wasserschadens<\/li>\n<li>die Schalld\u00e4mmung von Zimmern, insbesondere von Schlafzimmer und<\/li>\n<li>Badezimmer<\/li>\n<\/ul>\n<h6>Wartung und kleine Reparaturen<\/h6>\n<ul>\n<li>Ausbesserung oder Erneuerung vom Hausdach<\/li>\n<li>Reparaturen am Mauerwerk, Fundament oder Schornstein<\/li>\n<li>Reparatur de Wasserleitungen und der elektrischen Leitungen<\/li>\n<\/ul>\n<h6>Schaffen von zus\u00e4tzlichem Wohnraum<\/h6>\n<ul>\n<li>Umbau eines vorhandenen Kellerraumes oder Dachboden als zus\u00e4tzlichen<\/li>\n<li>Schlafraum, Wohnzimmer, Haustheater oder Home-Office<\/li>\n<li>Anbau oder Aufstocken als zus\u00e4tzlicher Wohnraum<\/li>\n<\/ul>\n<h6>Energie-Sparma\u00dfnahmen<\/h6>\n<ul>\n<li>Isolierung der Au\u00dfenw\u00e4nde<\/li>\n<li>Einbau von doppelverglasten PVC Fenstern &#038; Rolll\u00e4den<\/li>\n<li>Ersetzen der vorhanden Lampen durch Sparlampen<\/li>\n<li>Nutzen von erneuerbarer Energie wie Pellet- oder Holz\u00f6fen, Solar-Kollektoren, Windturbinen, programmierbaren Thermostaten und W\u00e4rmepumpen<\/li>\n<\/ul>\n<h6>Ma\u00dfnahmen zur Wohnsicherheit<\/h6>\n<ul>\n<li>Feuermelder und Alarmanlage<\/li>\n<li>Sprinkleranlage zum Schutz vor Feuer im Haus<\/li>\n<li>Sicherheitst\u00fcren und Fenster, sowie Sicherheitsverschl\u00fcsse<\/li>\n<li>Notstromaggregate, um evtl. Stromausf\u00e4llen zu \u00fcberbr\u00fccken<\/li>\n<\/ul>\n<p>Wir von Rema Home beaufsichtigt das ganze Projekt\/ Renovierung und ersparen Ihnen den Umgang mit den einzelnen Handwerkern.<\/p>\n<p>Wir handeln f\u00fcr Sie als Projektleiter, beauftragen die Handwerker, koordinieren die Termine, beaufsichtigen und kontrollieren die Arbeiten und sorgen nach Abschluss der durchgef\u00fchrten Arbeiten f\u00fcr die Reinigung Ihrer Immobilie.<\/p>\n<p>Wir sind in der Lage eine Renovierung professionell und zu Ihrer vollsten Zufriedenheit durchzuf\u00fchren und \u00fcberwachen. Ob es sich um die Renovierung eines kompletten Hauses oder nur einigen R\u00e4umen handelt &#8211; mit Rema Home treffen Sie eine sichere und gute Wahl!<\/p>\n<p>Mit Ihnen zusammen beschlie\u00dfen wir, welche Renovierungen durchgef\u00fchrt werden sollen. Rema Home verf\u00fcgt \u00fcber ein gro\u00dfes professionelles Team an Handwerkern, mit denen wir schon seit vielen Jahren zusammen unsere Wohnungen und Villen bauen. Wir bieten Ihnen hochwertige Materialien von renommierten Firmen mit wettbewerbsf\u00e4higen Preisen und garantieren Ihnen eine termingerechte Fertigstellung.<\/p>\n<p>Wenn Sie \u00fcber eine Renovierung Ihrer Immobilie in Alanya nachdenken, kontaktieren Sie uns einfach; wir beraten Sie kompetent, geben Ihnen Tipps und Vorschl\u00e4ge und machen Ihnen gerne einen unverbindlichen Kostenvoranschlag.","protected":false},"excerpt":{"rendered":"<p>Wir erledigen f\u00fcr Sie die Renovierungen Ihrer Immobilie in Alanya Eine Renovierung bedeutet nicht immer die Ausbesserung einer bereits vorhandenen Immobilie, eine Renovierung kann auch die Ver\u00e4nderung oder Vergr\u00f6\u00dferung eines bereits vorhandenen Wohnraumes beinhalten. Unter einer Renovierung verstehen wir: die Erh\u00f6hung des bereits vorhanden Wohnkomforts den Einbau einer Heizung, L\u00fcftung und Klima-Anlage eine Erh\u00f6hung der [&hellip;]<\/p>\n","protected":false},"author":1,"featured_media":2575,"parent":1564,"menu_order":0,"comment_status":"open","ping_status":"open","template":"template-sidebar.php","meta":[],"_links":{"self":[{"href":"https:\/\/www.remahome.com\/de\/wp-json\/wp\/v2\/pages\/2574"}],"collection":[{"href":"https:\/\/www.remahome.com\/de\/wp-json\/wp\/v2\/pages"}],"about":[{"href":"https:\/\/www.remahome.com\/de\/wp-json\/wp\/v2\/types\/page"}],"author":[{"embeddable":true,"href":"https:\/\/www.remahome.com\/de\/wp-json\/wp\/v2\/users\/1"}],"replies":[{"embeddable":true,"href":"https:\/\/www.remahome.com\/de\/wp-json\/wp\/v2\/comments?post=2574"}],"version-history":[{"count":0,"href":"https:\/\/www.remahome.com\/de\/wp-json\/wp\/v2\/pages\/2574\/revisions"}],"up":[{"embeddable":true,"href":"https:\/\/www.remahome.com\/de\/wp-json\/wp\/v2\/pages\/1564"}],"wp:featuredmedia":[{"embeddable":true,"href":"https:\/\/www.remahome.com\/de\/wp-json\/wp\/v2\/media\/2575"}],"wp:attachment":[{"href":"https:\/\/www.remahome.com\/de\/wp-json\/wp\/v2\/media?parent=2574"}],"curies":[{"name":"wp","href":"https:\/\/api.w.org\/{rel}","templated":true}]}}