{"id":2561,"date":"2015-05-23T14:46:36","date_gmt":"2015-05-23T11:46:36","guid":{"rendered":"http:\/\/www.remahome.com\/?page_id=2561"},"modified":"2015-05-23T17:54:15","modified_gmt":"2015-05-23T14:54:15","slug":"design-construction","status":"publish","type":"page","link":"https:\/\/www.remahome.com\/de\/services\/design-construction\/","title":{"rendered":"Bauunternehmung"},"content":{"rendered":"<h3><a href=\"http:\/\/www.remahome.com\/wp-content\/uploads\/2015\/05\/service_design_construction.jpg\" rel=\"prettyPhoto\"><img loading=\"lazy\" class=\"alignleft wp-image-2562 size-medium\" src=\"http:\/\/www.remahome.com\/wp-content\/uploads\/2015\/05\/service_design_construction-300x200.jpg\" alt=\"Bauunternehmung\" width=\"300\" height=\"200\" srcset=\"https:\/\/www.remahome.com\/wp-content\/uploads\/2015\/05\/service_design_construction-300x200.jpg 300w, https:\/\/www.remahome.com\/wp-content\/uploads\/2015\/05\/service_design_construction.jpg 1024w\" sizes=\"(max-width: 300px) 100vw, 300px\" \/><\/a>Wir bauen f\u00fcr Sie Ihr Haus in der T\u00fcrkei nach Ihren W\u00fcnschen!<\/h3>\n<p>Der Bau von Villen und Wohnungen in der T\u00fcrkei ist unser Gesch\u00e4ft.<\/p>\n<p>Mit engem Kontakt zu unseren Architekten und Handwerkern realisieren wir f\u00fcr Sie vom Rohbau bis zur schl\u00fcsselfertigen Erstellung Ihr komplettes Bauprojekt.<br \/>\n<div class=\"clear\"><\/div><div class=\"spacer\"><\/div>\nUnsere kompetente Projektleitung \u00fcberzeugt nicht nur durch pr\u00e4zise und individuelle Arbeit, sondern auch durch partnerschaftliche Kundenn\u00e4he. Das zahlt sich aus.<\/p>\n<p>Nutzen Sie den direkten, pers\u00f6nlichen Kontakt und lassen Sie sich fachm\u00e4nnisch und individuell beraten. Wir sind f\u00fcr Sie da!<\/p>\n<p>Schlie\u00dflich wissen wir, dass es beim Bau eines Eigenheims in erster Linie auf Zuverl\u00e4ssigkeit und Kompetenz ankommt.<\/p>\n<p>Gestalten Sie Ihre eigene Villa oder Haus in Alanya zusammen mit unseren Architekten genau nach ihren Vorgaben und Vorstellungen.<\/p>\n<p>Wir setzen ihre Vorgaben in die Realit\u00e4t um und verwirklichen ihren Traum vom Haus an der t\u00fcrkischen Riviera.<\/p>\n<p>Durch die Zusammenarbeit mit Rema Home k\u00f6nnen Sie ruhig und gelassen den Baufortschritt verfolgen &#8211; ohne Kopfschmerzen und Probleme.<\/p>\n<p><strong>So sieht der Ablauf vom Bau einer Villa in der T\u00fcrkei Schritt f\u00fcr Schritt aus:<\/strong><\/p>\n<p><strong>1. Schritt:<\/strong> Wenn Sie noch kein eigenes Grundst\u00fcck haben sollten, suchen wir mit Ihnen zusammen ein Grundst\u00fcck ganz nach Ihren Vorstellungen aus. Wir haben viele Angebote f\u00fcr Grundst\u00fccke in Alanya, die Sie sich gerne anschauen k\u00f6nnen. Egal ob Sie etwas in Strandn\u00e4he oder in den Bergen, mit Berg- oder Meerblick suchen; wir finden bestimmt das passende f\u00fcr Sie.<\/p>\n<p><strong>2. Schritt:<\/strong> Wenn Sie eigene Vorstellungen von Ihrem Traumhaus haben, k\u00f6nnen wir mit Ihnen und unseren Architekten zusammen die gew\u00fcnschte Villa gestalten. Um sich im Haus wohl zu f\u00fchlen, sind die Grundrisse sehr wichtig, die Ausstattung kann immer wieder ge\u00e4ndert werden, aber eine Mauer zu versetzen ist immer viel Kosten verbunden.<br \/>\nWir k\u00f6nnen Ihnen auch unsere eigenen Villen-Modelle anbieten, wo nat\u00fcrlich die M\u00f6glichkeit besteht, Ihre eigenen W\u00fcnsche einzubringen.<\/p>\n<p><strong>3. Schritt:<\/strong> Das Grundst\u00fcck ist gefunden und die Grundrisse sind zu Ihrer Zufriedenheit gezeichnet; dann entscheiden wir mit Ihnen die M\u00f6glichkeiten der Haustechnik und der Ausstattung. Es ist wichtig die Haustechnik gut durchzuplanen, denn diese entscheidet zum gr\u00f6\u00dften Teil \u00fcber die Betriebskosten des Hauses.<br \/>\nDie Ausstattung gibt Ihrem Haus die pers\u00f6nliche Note und sollte gut durchdacht und durchgerechnet werden. Wir werden mit Ihnen Fachgesch\u00e4fte besuchen und Sie bei der Entscheidung der Ausstattung kompetent beraten. Da wir schon viele Villen und Wohnungen in Alanya gebaut haben, k\u00f6nnen wir Ihnen unsere Referenz-Objekte vorstellen und Sie k\u00f6nnen sich \u00fcber die Ausstattung einen Eindruck verschaffen.<\/p>\n<p>Wenn Sie sich nun entschieden haben wird ein Bau-Vertrag aufgesetzt. In diesem Vertrag werden alle Einzelheiten \u00fcber das Bauvorhaben, Rechtliches, Terminplanung und Kosten festgelegt. Dieser Vertrag wird in T\u00fcrkisch und in Ihrer Landessprache aufgesetzt.<\/p>\n<p><strong>4. Schritt:<\/strong> Nun beginnen die amtlichen Vorbereitungen. Das Grundst\u00fcck wird auf Ihren Namen umgeschrieben und die Baugenehmigungen bei der \u00f6rtlichen Beh\u00f6rde beantragt. Jetzt k\u00f6nnen wir mit dem Bau beginnen.<\/p>\n<p><strong>5. Schritt:<\/strong> Wir werden Sie w\u00f6chentlich \u00fcber den Baufortschritt in Wort und Bild informieren. Es wird ein Bauleiter beim Bau Ihrer Villa st\u00e4ndig anwesend sein, der alle Fortschritte \u00fcberwacht und die Handwerker kontrolliert.","protected":false},"excerpt":{"rendered":"<p>Wir bauen f\u00fcr Sie Ihr Haus in der T\u00fcrkei nach Ihren W\u00fcnschen! Der Bau von Villen und Wohnungen in der T\u00fcrkei ist unser Gesch\u00e4ft. Mit engem Kontakt zu unseren Architekten und Handwerkern realisieren wir f\u00fcr Sie vom Rohbau bis zur schl\u00fcsselfertigen Erstellung Ihr komplettes Bauprojekt. Unsere kompetente Projektleitung \u00fcberzeugt nicht nur durch pr\u00e4zise und individuelle [&hellip;]<\/p>\n","protected":false},"author":1,"featured_media":2562,"parent":1564,"menu_order":0,"comment_status":"open","ping_status":"open","template":"template-sidebar.php","meta":[],"_links":{"self":[{"href":"https:\/\/www.remahome.com\/de\/wp-json\/wp\/v2\/pages\/2561"}],"collection":[{"href":"https:\/\/www.remahome.com\/de\/wp-json\/wp\/v2\/pages"}],"about":[{"href":"https:\/\/www.remahome.com\/de\/wp-json\/wp\/v2\/types\/page"}],"author":[{"embeddable":true,"href":"https:\/\/www.remahome.com\/de\/wp-json\/wp\/v2\/users\/1"}],"replies":[{"embeddable":true,"href":"https:\/\/www.remahome.com\/de\/wp-json\/wp\/v2\/comments?post=2561"}],"version-history":[{"count":0,"href":"https:\/\/www.remahome.com\/de\/wp-json\/wp\/v2\/pages\/2561\/revisions"}],"up":[{"embeddable":true,"href":"https:\/\/www.remahome.com\/de\/wp-json\/wp\/v2\/pages\/1564"}],"wp:featuredmedia":[{"embeddable":true,"href":"https:\/\/www.remahome.com\/de\/wp-json\/wp\/v2\/media\/2562"}],"wp:attachment":[{"href":"https:\/\/www.remahome.com\/de\/wp-json\/wp\/v2\/media?parent=2561"}],"curies":[{"name":"wp","href":"https:\/\/api.w.org\/{rel}","templated":true}]}}