{"id":2557,"date":"2015-05-23T14:38:46","date_gmt":"2015-05-23T11:38:46","guid":{"rendered":"http:\/\/www.remahome.com\/?page_id=2557"},"modified":"2015-08-17T17:06:59","modified_gmt":"2015-08-17T14:06:59","slug":"furniture-interior","status":"publish","type":"page","link":"https:\/\/www.remahome.com\/de\/services\/furniture-interior\/","title":{"rendered":"M\u00f6blierung &#038; Einrichtung"},"content":{"rendered":"<h3><a href=\"http:\/\/www.remahome.com\/wp-content\/uploads\/2014\/09\/9.jpg\" rel=\"prettyPhoto\"><img loading=\"lazy\" class=\"alignleft wp-image-1663 size-medium\" src=\"http:\/\/www.remahome.com\/wp-content\/uploads\/2014\/09\/9-300x193.jpg\" alt=\"Furniture &amp; Interior\" width=\"300\" height=\"193\" srcset=\"https:\/\/www.remahome.com\/wp-content\/uploads\/2014\/09\/9-300x193.jpg 300w, https:\/\/www.remahome.com\/wp-content\/uploads\/2014\/09\/9.jpg 700w\" sizes=\"(max-width: 300px) 100vw, 300px\" \/><\/a>M\u00f6blierung und Innenausstattung Ihrer Alanya Immobilie<\/h3>\n<p>Sie haben sich f\u00fcr den Kauf einer Immobilie in der T\u00fcrkei entschieden und d\u00fcrfen nun Ihre pers\u00f6nliche Note in Ihr neues Zuhause bringen. Wir m\u00f6chten Ihnen auch bei diesem Schritt zur Seite stehen und Ihnen helfen sorglos und schnell in Ihre neue Alanya Immobilie einzuziehen.<br \/>\n<div class=\"clear\"><\/div><div class=\"spacer\"><\/div>\nRema Home arbeitet mit mehreren M\u00f6belh\u00e4usern in Alanya zusammen, damit jeder f\u00fcr seinen Stil und Budget etwas finden kann.<\/p>\n<p>Wir kooperieren mit diversen M\u00f6belh\u00e4usern in Alanya und als Kunde von Rema Home\u00a0bekommen Sie hier die besten Konditionen, werden professionell beraten und betreut.<\/p>\n<p>Was brauchen Sie, um sich in Ihrer Traumimmobilie so richtig Zuhause zu f\u00fchlen?<br \/>\nWo findet man die sch\u00f6nsten M\u00f6bel, die pers\u00f6nlichsten Accessoires zu soliden Preisen? Wir kennen die kompetenten Anbieter \u2013 von der Anrichte bis zur Zahnb\u00fcrste \u2013 und wir begleiten Sie gerne.","protected":false},"excerpt":{"rendered":"<p>M\u00f6blierung und Innenausstattung Ihrer Alanya Immobilie Sie haben sich f\u00fcr den Kauf einer Immobilie in der T\u00fcrkei entschieden und d\u00fcrfen nun Ihre pers\u00f6nliche Note in Ihr neues Zuhause bringen. Wir m\u00f6chten Ihnen auch bei diesem Schritt zur Seite stehen und Ihnen helfen sorglos und schnell in Ihre neue Alanya Immobilie einzuziehen. Rema Home arbeitet mit [&hellip;]<\/p>\n","protected":false},"author":1,"featured_media":1648,"parent":1564,"menu_order":0,"comment_status":"closed","ping_status":"closed","template":"template-sidebar.php","meta":[],"_links":{"self":[{"href":"https:\/\/www.remahome.com\/de\/wp-json\/wp\/v2\/pages\/2557"}],"collection":[{"href":"https:\/\/www.remahome.com\/de\/wp-json\/wp\/v2\/pages"}],"about":[{"href":"https:\/\/www.remahome.com\/de\/wp-json\/wp\/v2\/types\/page"}],"author":[{"embeddable":true,"href":"https:\/\/www.remahome.com\/de\/wp-json\/wp\/v2\/users\/1"}],"replies":[{"embeddable":true,"href":"https:\/\/www.remahome.com\/de\/wp-json\/wp\/v2\/comments?post=2557"}],"version-history":[{"count":1,"href":"https:\/\/www.remahome.com\/de\/wp-json\/wp\/v2\/pages\/2557\/revisions"}],"predecessor-version":[{"id":4344,"href":"https:\/\/www.remahome.com\/de\/wp-json\/wp\/v2\/pages\/2557\/revisions\/4344"}],"up":[{"embeddable":true,"href":"https:\/\/www.remahome.com\/de\/wp-json\/wp\/v2\/pages\/1564"}],"wp:featuredmedia":[{"embeddable":true,"href":"https:\/\/www.remahome.com\/de\/wp-json\/wp\/v2\/media\/1648"}],"wp:attachment":[{"href":"https:\/\/www.remahome.com\/de\/wp-json\/wp\/v2\/media?parent=2557"}],"curies":[{"name":"wp","href":"https:\/\/api.w.org\/{rel}","templated":true}]}}